{"id":5,"date":"2023-01-26T20:27:11","date_gmt":"2023-01-26T18:27:11","guid":{"rendered":"https:\/\/mikkelinkalevalaiset.fi\/?page_id=5"},"modified":"2023-01-26T20:27:11","modified_gmt":"2023-01-26T18:27:11","slug":"etusivu","status":"publish","type":"page","link":"https:\/\/mikkelinkalevalaiset.fi\/","title":{"rendered":"Etusivu"},"content":{"rendered":"\n<p>Tervetuloa sivustollesi! T\u00e4m\u00e4 on etusivusi, jonka suurin osa sivustosi vierailijoista n\u00e4kee saapuessaan sivustollesi ensimm\u00e4ist\u00e4 kertaa.<\/p>\n","protected":false},"excerpt":{"rendered":"<p>Tervetuloa sivustollesi! T\u00e4m\u00e4 on etusivusi, jonka suurin osa sivustosi vierailijoista n\u00e4kee saapuessaan sivustollesi ensimm\u00e4ist\u00e4 kertaa.<\/p>\n","protected":false},"author":5,"featured_media":0,"parent":0,"menu_order":0,"comment_status":"closed","ping_status":"closed","template":"","meta":{"footnotes":""},"class_list":["post-5","page","type-page","status-publish","hentry","has-meta has-sticky-meta"],"_links":{"self":[{"href":"https:\/\/mikkelinkalevalaiset.fi\/index.php?rest_route=\/wp\/v2\/pages\/5","targetHints":{"allow":["GET"]}}],"collection":[{"href":"https:\/\/mikkelinkalevalaiset.fi\/index.php?rest_route=\/wp\/v2\/pages"}],"about":[{"href":"https:\/\/mikkelinkalevalaiset.fi\/index.php?rest_route=\/wp\/v2\/types\/page"}],"author":[{"embeddable":true,"href":"https:\/\/mikkelinkalevalaiset.fi\/index.php?rest_route=\/wp\/v2\/users\/5"}],"replies":[{"embeddable":true,"href":"https:\/\/mikkelinkalevalaiset.fi\/index.php?rest_route=%2Fwp%2Fv2%2Fcomments&post=5"}],"version-history":[{"count":1,"href":"https:\/\/mikkelinkalevalaiset.fi\/index.php?rest_route=\/wp\/v2\/pages\/5\/revisions"}],"predecessor-version":[{"id":8,"href":"https:\/\/mikkelinkalevalaiset.fi\/index.php?rest_route=\/wp\/v2\/pages\/5\/revisions\/8"}],"wp:attachment":[{"href":"https:\/\/mikkelinkalevalaiset.fi\/index.php?rest_route=%2Fwp%2Fv2%2Fmedia&parent=5"}],"curies":[{"name":"wp","href":"https:\/\/api.w.org\/{rel}","templated":true}]}}