{"id":192,"date":"2023-01-26T20:53:38","date_gmt":"2023-01-26T18:53:38","guid":{"rendered":"https:\/\/mikkelinkalevalaiset.fi\/?page_id=192"},"modified":"2025-03-04T17:42:19","modified_gmt":"2025-03-04T15:42:19","slug":"jaseneksi","status":"publish","type":"page","link":"https:\/\/mikkelinkalevalaiset.fi\/?page_id=192","title":{"rendered":"Liity j\u00e4seneksi"},"content":{"rendered":"\t\t<div data-elementor-type=\"wp-page\" data-elementor-id=\"192\" class=\"elementor elementor-192\">\n\t\t\t\t\t\t<section class=\"elementor-section elementor-top-section elementor-element elementor-element-b7f7740 elementor-section-boxed elementor-section-height-default elementor-section-height-default\" data-id=\"b7f7740\" data-element_type=\"section\" data-e-type=\"section\">\n\t\t\t\t\t\t<div class=\"elementor-container elementor-column-gap-default\">\n\t\t\t\t\t<div class=\"elementor-column elementor-col-100 elementor-top-column elementor-element elementor-element-dd83e1b\" data-id=\"dd83e1b\" data-element_type=\"column\" data-e-type=\"column\">\n\t\t\t<div class=\"elementor-widget-wrap elementor-element-populated\">\n\t\t\t\t\t\t<div class=\"elementor-element elementor-element-556adf7 elementor-widget elementor-widget-text-editor\" data-id=\"556adf7\" data-element_type=\"widget\" data-e-type=\"widget\" data-widget_type=\"text-editor.default\">\n\t\t\t\t<div class=\"elementor-widget-container\">\n\t\t\t\t\t\t\t\t\t<p>Tervetuloa Mikkelin Kalevalaisten j\u00e4seneksi!<br \/>Vuonna 2025 j\u00e4senmaksun suuruus on 25e\/hl\u00f6.\u00a0<\/p><p><span style=\"color: var(--font-color);\">Yhteis\u00f6t, yritykset ja henkil\u00f6j\u00e4senet voi liitty\u00e4 kannattajaj\u00e4seneksi 50e vuosimaksulla. Kannattajaj\u00e4senet saa my\u00f6s Pirta-lehden ilmoittamaansa osoitteeseen.<\/span><\/p><p><span style=\"color: var(--font-color);\">Liity j\u00e4seneksi <\/span><a href=\"https:\/\/www.flomembers.com\/mikkelin-kalevalaiset\/members\/application?_lang=fi\">t\u00e4st\u00e4<\/a><span style=\"color: var(--font-color);\">\u00a0ja t\u00e4yt\u00e4 lomake.<\/span><\/p><p>J\u00e4senetuja:<br \/>&#8211; j\u00e4senpostia ja tiedotteita omaan s\u00e4hk\u00f6postiisi<br \/>&#8211; alennuksia Mikkelin Kalevalaisten j\u00e4rjest\u00e4miin tapahtumiin<br \/>&#8211; Pirta &#8211; lehti, ilmestyy 4 kertaa vuodessa<br \/>&#8211; Kalevala Korun tuotteet -20%<br \/>&#8211; Suomalaisen kirjallisuuden seuran kirjoista -25%<br \/>&#8211; <a href=\"https:\/\/www.mainiemi.com\/?lang=fi\">Mai Niemi Finnish Fairytale Shop<\/a> -10% , verkkokaupasta tai Helsingin myym\u00e4l\u00e4st\u00e4.<\/p><p>Katso kaikki j\u00e4senedut <a href=\"https:\/\/www.kalevalaistennaistenliitto.fi\/liity-jaseneksi\/\">Kalevalaisten Naisten Liiton sivuilta\u00a0<\/a><\/p>\t\t\t\t\t\t\t\t<\/div>\n\t\t\t\t<\/div>\n\t\t\t\t\t<\/div>\n\t\t<\/div>\n\t\t\t\t\t<\/div>\n\t\t<\/section>\n\t\t\t\t<section class=\"elementor-section elementor-top-section elementor-element elementor-element-b19363a elementor-section-boxed elementor-section-height-default elementor-section-height-default\" data-id=\"b19363a\" data-element_type=\"section\" data-e-type=\"section\">\n\t\t\t\t\t\t<div class=\"elementor-container elementor-column-gap-default\">\n\t\t\t\t\t<div class=\"elementor-column elementor-col-50 elementor-top-column elementor-element elementor-element-26c2b77\" data-id=\"26c2b77\" data-element_type=\"column\" data-e-type=\"column\">\n\t\t\t<div class=\"elementor-widget-wrap elementor-element-populated\">\n\t\t\t\t\t\t<div class=\"elementor-element elementor-element-b1ed366 elementor-widget elementor-widget-image\" data-id=\"b1ed366\" data-element_type=\"widget\" data-e-type=\"widget\" data-widget_type=\"image.default\">\n\t\t\t\t<div class=\"elementor-widget-container\">\n\t\t\t\t\t\t\t\t\t\t\t\t<figure class=\"wp-caption\">\n\t\t\t\t\t\t\t\t\t\t<img fetchpriority=\"high\" decoding=\"async\" width=\"216\" height=\"300\" src=\"https:\/\/mikkelinkalevalaiset.fi\/wp-content\/uploads\/2023\/01\/photo_2023-01-26_21-22-52-216x300.jpg\" class=\"attachment-medium size-medium wp-image-275\" alt=\"Rukkikurssilla 14.1.2023\" srcset=\"https:\/\/mikkelinkalevalaiset.fi\/wp-content\/uploads\/2023\/01\/photo_2023-01-26_21-22-52-216x300.jpg 216w, https:\/\/mikkelinkalevalaiset.fi\/wp-content\/uploads\/2023\/01\/photo_2023-01-26_21-22-52-738x1024.jpg 738w, https:\/\/mikkelinkalevalaiset.fi\/wp-content\/uploads\/2023\/01\/photo_2023-01-26_21-22-52-768x1066.jpg 768w, https:\/\/mikkelinkalevalaiset.fi\/wp-content\/uploads\/2023\/01\/photo_2023-01-26_21-22-52-43x60.jpg 43w, https:\/\/mikkelinkalevalaiset.fi\/wp-content\/uploads\/2023\/01\/photo_2023-01-26_21-22-52.jpg 922w\" sizes=\"(max-width: 216px) 100vw, 216px\" \/>\t\t\t\t\t\t\t\t\t\t\t<figcaption class=\"widget-image-caption wp-caption-text\">Rukki- ja kehruukurssilla 14.1.2023<\/figcaption>\n\t\t\t\t\t\t\t\t\t\t<\/figure>\n\t\t\t\t\t\t\t\t\t<\/div>\n\t\t\t\t<\/div>\n\t\t\t\t\t<\/div>\n\t\t<\/div>\n\t\t\t\t<div class=\"elementor-column elementor-col-50 elementor-top-column elementor-element elementor-element-fa427b0\" data-id=\"fa427b0\" data-element_type=\"column\" data-e-type=\"column\">\n\t\t\t<div class=\"elementor-widget-wrap elementor-element-populated\">\n\t\t\t\t\t\t<div class=\"elementor-element elementor-element-0ac954a elementor-widget elementor-widget-image\" data-id=\"0ac954a\" data-element_type=\"widget\" data-e-type=\"widget\" data-widget_type=\"image.default\">\n\t\t\t\t<div class=\"elementor-widget-container\">\n\t\t\t\t\t\t\t\t\t\t\t\t<figure class=\"wp-caption\">\n\t\t\t\t\t\t\t\t\t\t<img decoding=\"async\" width=\"225\" height=\"300\" src=\"https:\/\/mikkelinkalevalaiset.fi\/wp-content\/uploads\/2023\/01\/photo_2023-01-26_21-22-21-225x300.jpg\" class=\"attachment-medium size-medium wp-image-268\" alt=\"Tuukkalan tuhat vuotta -s eminaari 8.10.2022\" srcset=\"https:\/\/mikkelinkalevalaiset.fi\/wp-content\/uploads\/2023\/01\/photo_2023-01-26_21-22-21-225x300.jpg 225w, https:\/\/mikkelinkalevalaiset.fi\/wp-content\/uploads\/2023\/01\/photo_2023-01-26_21-22-21-768x1024.jpg 768w, https:\/\/mikkelinkalevalaiset.fi\/wp-content\/uploads\/2023\/01\/photo_2023-01-26_21-22-21-45x60.jpg 45w, https:\/\/mikkelinkalevalaiset.fi\/wp-content\/uploads\/2023\/01\/photo_2023-01-26_21-22-21.jpg 960w\" sizes=\"(max-width: 225px) 100vw, 225px\" \/>\t\t\t\t\t\t\t\t\t\t\t<figcaption class=\"widget-image-caption wp-caption-text\">Tuukkalan Tuhat Vuotta -seminaarissa 8.10.2022<\/figcaption>\n\t\t\t\t\t\t\t\t\t\t<\/figure>\n\t\t\t\t\t\t\t\t\t<\/div>\n\t\t\t\t<\/div>\n\t\t\t\t\t<\/div>\n\t\t<\/div>\n\t\t\t\t\t<\/div>\n\t\t<\/section>\n\t\t\t\t<\/div>\n\t\t","protected":false},"excerpt":{"rendered":"<p>Tervetuloa Mikkelin Kalevalaisten j\u00e4seneksi!Vuonna 2025 j\u00e4senmaksun suuruus on 25e\/hl\u00f6.\u00a0 Yhteis\u00f6t, yritykset ja henkil\u00f6j\u00e4senet voi liitty\u00e4 kannattajaj\u00e4seneksi 50e vuosimaksulla. Kannattajaj\u00e4senet saa my\u00f6s Pirta-lehden ilmoittamaansa osoitteeseen. Liity j\u00e4seneksi t\u00e4st\u00e4\u00a0ja t\u00e4yt\u00e4 lomake. J\u00e4senetuja:&#8211; j\u00e4senpostia ja tiedotteita omaan s\u00e4hk\u00f6postiisi&#8211; alennuksia Mikkelin Kalevalaisten j\u00e4rjest\u00e4miin tapahtumiin&#8211; Pirta &#8211; lehti, ilmestyy 4 kertaa vuodessa&#8211; Kalevala Korun tuotteet -20%&#8211; Suomalaisen kirjallisuuden seuran kirjoista &hellip; <\/p>\n","protected":false},"author":5,"featured_media":256,"parent":0,"menu_order":0,"comment_status":"closed","ping_status":"closed","template":"","meta":{"footnotes":""},"class_list":["post-192","page","type-page","status-publish","has-post-thumbnail","hentry","has-meta has-sticky-meta"],"_links":{"self":[{"href":"https:\/\/mikkelinkalevalaiset.fi\/index.php?rest_route=\/wp\/v2\/pages\/192","targetHints":{"allow":["GET"]}}],"collection":[{"href":"https:\/\/mikkelinkalevalaiset.fi\/index.php?rest_route=\/wp\/v2\/pages"}],"about":[{"href":"https:\/\/mikkelinkalevalaiset.fi\/index.php?rest_route=\/wp\/v2\/types\/page"}],"author":[{"embeddable":true,"href":"https:\/\/mikkelinkalevalaiset.fi\/index.php?rest_route=\/wp\/v2\/users\/5"}],"replies":[{"embeddable":true,"href":"https:\/\/mikkelinkalevalaiset.fi\/index.php?rest_route=%2Fwp%2Fv2%2Fcomments&post=192"}],"version-history":[{"count":45,"href":"https:\/\/mikkelinkalevalaiset.fi\/index.php?rest_route=\/wp\/v2\/pages\/192\/revisions"}],"predecessor-version":[{"id":901,"href":"https:\/\/mikkelinkalevalaiset.fi\/index.php?rest_route=\/wp\/v2\/pages\/192\/revisions\/901"}],"wp:featuredmedia":[{"embeddable":true,"href":"https:\/\/mikkelinkalevalaiset.fi\/index.php?rest_route=\/wp\/v2\/media\/256"}],"wp:attachment":[{"href":"https:\/\/mikkelinkalevalaiset.fi\/index.php?rest_route=%2Fwp%2Fv2%2Fmedia&parent=192"}],"curies":[{"name":"wp","href":"https:\/\/api.w.org\/{rel}","templated":true}]}}