{"id":191,"date":"2023-01-26T20:53:38","date_gmt":"2023-01-26T18:53:38","guid":{"rendered":"https:\/\/mikkelinkalevalaiset.fi\/?page_id=191"},"modified":"2023-11-07T14:27:50","modified_gmt":"2023-11-07T12:27:50","slug":"yhteystiedot","status":"publish","type":"page","link":"https:\/\/mikkelinkalevalaiset.fi\/?page_id=191","title":{"rendered":"Yhteystiedot"},"content":{"rendered":"\t\t<div data-elementor-type=\"wp-page\" data-elementor-id=\"191\" class=\"elementor elementor-191\">\n\t\t\t\t\t\t<section class=\"elementor-section elementor-top-section elementor-element elementor-element-ae8726b elementor-section-boxed elementor-section-height-default elementor-section-height-default\" data-id=\"ae8726b\" data-element_type=\"section\" data-e-type=\"section\">\n\t\t\t\t\t\t<div class=\"elementor-container elementor-column-gap-default\">\n\t\t\t\t\t<div class=\"elementor-column elementor-col-50 elementor-top-column elementor-element elementor-element-9d549df\" data-id=\"9d549df\" data-element_type=\"column\" data-e-type=\"column\">\n\t\t\t<div class=\"elementor-widget-wrap elementor-element-populated\">\n\t\t\t\t\t\t<div class=\"elementor-element elementor-element-54d89aa elementor-widget elementor-widget-text-editor\" data-id=\"54d89aa\" data-element_type=\"widget\" data-e-type=\"widget\" data-widget_type=\"text-editor.default\">\n\t\t\t\t<div class=\"elementor-widget-container\">\n\t\t\t\t\t\t\t\t\t<p>Ota yhteytt\u00e4: mikkelinkalevalaiset@gmail.com<\/p><p>0407585180\/ Noora<\/p><p><span style=\"color: var(--font-color);\">L\u00f6yd\u00e4t meid\u00e4t my\u00f6s<\/span><\/p><p>&#8211;\u00a0<a href=\"https:\/\/facebook.com\/groups\/mikkelinkalevalaiset\" target=\"_blank\" rel=\"noopener\">Facebookissa<\/a><br \/>&#8211; <a href=\"https:\/\/www.instagram.com\/mikkelinkalevalaiset\">Instagramissa<\/a><br \/>&#8211; <a href=\"http:\/\/tiktok.com\/@mikkelinkalevalaiset\">TikTokissa<\/a><\/p>\t\t\t\t\t\t\t\t<\/div>\n\t\t\t\t<\/div>\n\t\t\t\t\t<\/div>\n\t\t<\/div>\n\t\t\t\t<div class=\"elementor-column elementor-col-50 elementor-top-column elementor-element elementor-element-2bf18fb\" data-id=\"2bf18fb\" data-element_type=\"column\" data-e-type=\"column\">\n\t\t\t<div class=\"elementor-widget-wrap elementor-element-populated\">\n\t\t\t\t\t\t<div class=\"elementor-element elementor-element-162fe71 elementor-widget elementor-widget-image\" data-id=\"162fe71\" data-element_type=\"widget\" data-e-type=\"widget\" data-widget_type=\"image.default\">\n\t\t\t\t<div class=\"elementor-widget-container\">\n\t\t\t\t\t\t\t\t\t\t\t\t<figure class=\"wp-caption\">\n\t\t\t\t\t\t\t\t\t\t<img fetchpriority=\"high\" decoding=\"async\" width=\"208\" height=\"300\" src=\"https:\/\/mikkelinkalevalaiset.fi\/wp-content\/uploads\/2023\/01\/294366155_10217457864037572_526444744542168317_n-208x300.jpg\" class=\"attachment-medium size-medium wp-image-48\" alt=\"23.7.2022 K\u00e4sity\u00f6n\u00e4yt\u00f6ksi\u00e4 Kyyhkyl\u00e4ss\u00e4.\" srcset=\"https:\/\/mikkelinkalevalaiset.fi\/wp-content\/uploads\/2023\/01\/294366155_10217457864037572_526444744542168317_n-208x300.jpg 208w, https:\/\/mikkelinkalevalaiset.fi\/wp-content\/uploads\/2023\/01\/294366155_10217457864037572_526444744542168317_n-710x1024.jpg 710w, https:\/\/mikkelinkalevalaiset.fi\/wp-content\/uploads\/2023\/01\/294366155_10217457864037572_526444744542168317_n-768x1108.jpg 768w, https:\/\/mikkelinkalevalaiset.fi\/wp-content\/uploads\/2023\/01\/294366155_10217457864037572_526444744542168317_n-1065x1536.jpg 1065w, https:\/\/mikkelinkalevalaiset.fi\/wp-content\/uploads\/2023\/01\/294366155_10217457864037572_526444744542168317_n-42x60.jpg 42w, https:\/\/mikkelinkalevalaiset.fi\/wp-content\/uploads\/2023\/01\/294366155_10217457864037572_526444744542168317_n.jpg 1420w\" sizes=\"(max-width: 208px) 100vw, 208px\" \/>\t\t\t\t\t\t\t\t\t\t\t<figcaption class=\"widget-image-caption wp-caption-text\">Kalmistokierroksen p\u00e4\u00e4tteeksi k\u00e4sity\u00f6n\u00e4yt\u00f6ksi\u00e4 Kyyyhkyl\u00e4n rannassa 23.7.2022<\/figcaption>\n\t\t\t\t\t\t\t\t\t\t<\/figure>\n\t\t\t\t\t\t\t\t\t<\/div>\n\t\t\t\t<\/div>\n\t\t\t\t\t<\/div>\n\t\t<\/div>\n\t\t\t\t\t<\/div>\n\t\t<\/section>\n\t\t\t\t<\/div>\n\t\t","protected":false},"excerpt":{"rendered":"<p>Ota yhteytt\u00e4: mikkelinkalevalaiset@gmail.com 0407585180\/ Noora L\u00f6yd\u00e4t meid\u00e4t my\u00f6s &#8211;\u00a0Facebookissa&#8211; Instagramissa&#8211; TikTokissa Kalmistokierroksen p\u00e4\u00e4tteeksi k\u00e4sity\u00f6n\u00e4yt\u00f6ksi\u00e4 Kyyyhkyl\u00e4n rannassa 23.7.2022<\/p>\n","protected":false},"author":5,"featured_media":259,"parent":0,"menu_order":0,"comment_status":"closed","ping_status":"closed","template":"","meta":{"footnotes":""},"class_list":["post-191","page","type-page","status-publish","has-post-thumbnail","hentry","has-meta has-sticky-meta"],"_links":{"self":[{"href":"https:\/\/mikkelinkalevalaiset.fi\/index.php?rest_route=\/wp\/v2\/pages\/191","targetHints":{"allow":["GET"]}}],"collection":[{"href":"https:\/\/mikkelinkalevalaiset.fi\/index.php?rest_route=\/wp\/v2\/pages"}],"about":[{"href":"https:\/\/mikkelinkalevalaiset.fi\/index.php?rest_route=\/wp\/v2\/types\/page"}],"author":[{"embeddable":true,"href":"https:\/\/mikkelinkalevalaiset.fi\/index.php?rest_route=\/wp\/v2\/users\/5"}],"replies":[{"embeddable":true,"href":"https:\/\/mikkelinkalevalaiset.fi\/index.php?rest_route=%2Fwp%2Fv2%2Fcomments&post=191"}],"version-history":[{"count":16,"href":"https:\/\/mikkelinkalevalaiset.fi\/index.php?rest_route=\/wp\/v2\/pages\/191\/revisions"}],"predecessor-version":[{"id":681,"href":"https:\/\/mikkelinkalevalaiset.fi\/index.php?rest_route=\/wp\/v2\/pages\/191\/revisions\/681"}],"wp:featuredmedia":[{"embeddable":true,"href":"https:\/\/mikkelinkalevalaiset.fi\/index.php?rest_route=\/wp\/v2\/media\/259"}],"wp:attachment":[{"href":"https:\/\/mikkelinkalevalaiset.fi\/index.php?rest_route=%2Fwp%2Fv2%2Fmedia&parent=191"}],"curies":[{"name":"wp","href":"https:\/\/api.w.org\/{rel}","templated":true}]}}